{"id":742,"date":"2025-05-07T16:29:46","date_gmt":"2025-05-07T14:29:46","guid":{"rendered":"https:\/\/www.fmcb.ch\/?page_id=742"},"modified":"2025-05-15T21:21:37","modified_gmt":"2025-05-15T19:21:37","slug":"horaires-ecoles-de-musique","status":"publish","type":"page","link":"https:\/\/www.fmcb.ch\/index.php\/horaires-ecoles-de-musique\/","title":{"rendered":"Horaires \u00e9coles de musique &#8211; Rentr\u00e9e 2025"},"content":{"rendered":"<p><audio class=\"audio-for-speech\"><\/audio><\/p>\n<div class=\"translate-tooltip-mtz translator-hidden\">\n<div class=\"header\">\n<div class=\"header-controls\">Translator<\/div>\n<div class=\"header-controls\"><\/div>\n<div class=\"header-controls\"><\/div>\n<\/div>\n<div class=\"translated-text\">\n<div class=\"words\"><\/div>\n<div class=\"sentences\"><\/div>\n<\/div>\n<\/div>\n<p>&nbsp;<\/p>\n<p><strong>Baby Fanfare<\/strong><\/p>\n<p>d\u00e8s 10 mois jusqu\u2019\u00e0 3 ans, accompagn\u00e9 d\u2019un proche \u2013 parent, nounou, grand-parent\u2026<\/p>\n<ul>\n<li>Lundi 15h20-16h00<\/li>\n<li>Mardi 15h20-16h00<\/li>\n<li>Mercredi\u00a010h20-11h00<\/li>\n<li>5 places disponibles par cours<\/li>\n<\/ul>\n<p><strong>Eveil musical d\u00e8s 4 ans<\/strong><\/p>\n<ul>\n<li>Lundi 16h20-17h00<\/li>\n<\/ul>\n<p><strong>Initiation musicale d\u00e8s 6 ans<\/strong><\/p>\n<ul>\n<li>Mardi 16h20-17h00<\/li>\n<\/ul>\n<p>Les horaires pour les autres cours seront prochainement disponibles.<\/p>\n<p><strong>Rentr\u00e9e d\u00e9but septembre, vous aurez bient\u00f4t des informations<\/strong><\/p>\n","protected":false},"excerpt":{"rendered":"<p>Translator &nbsp; Baby Fanfare d\u00e8s 10 mois jusqu\u2019\u00e0 3 ans, accompagn\u00e9 d\u2019un proche \u2013 parent, nounou, grand-parent\u2026 Lundi 15h20-16h00 Mardi 15h20-16h00 Mercredi\u00a010h20-11h00 5 places disponibles par cours Eveil musical d\u00e8s 4 ans Lundi 16h20-17h00 Initiation musicale d\u00e8s 6 ans Mardi 16h20-17h00 Les horaires pour les autres cours seront prochainement disponibles. Rentr\u00e9e d\u00e9but septembre, vous aurez [&hellip;]<\/p>\n","protected":false},"author":1,"featured_media":0,"parent":0,"menu_order":0,"comment_status":"closed","ping_status":"closed","template":"","meta":{"site-sidebar-layout":"default","site-content-layout":"","ast-site-content-layout":"default","site-content-style":"default","site-sidebar-style":"default","ast-global-header-display":"","ast-banner-title-visibility":"","ast-main-header-display":"","ast-hfb-above-header-display":"","ast-hfb-below-header-display":"","ast-hfb-mobile-header-display":"","site-post-title":"","ast-breadcrumbs-content":"","ast-featured-img":"","footer-sml-layout":"","ast-disable-related-posts":"","theme-transparent-header-meta":"default","adv-header-id-meta":"","stick-header-meta":"","header-above-stick-meta":"","header-main-stick-meta":"","header-below-stick-meta":"","astra-migrate-meta-layouts":"set","ast-page-background-enabled":"default","ast-page-background-meta":{"desktop":{"background-color":"var(--ast-global-color-4)","background-image":"","background-repeat":"repeat","background-position":"center center","background-size":"auto","background-attachment":"scroll","background-type":"","background-media":"","overlay-type":"","overlay-color":"","overlay-opacity":"","overlay-gradient":""},"tablet":{"background-color":"","background-image":"","background-repeat":"repeat","background-position":"center center","background-size":"auto","background-attachment":"scroll","background-type":"","background-media":"","overlay-type":"","overlay-color":"","overlay-opacity":"","overlay-gradient":""},"mobile":{"background-color":"","background-image":"","background-repeat":"repeat","background-position":"center center","background-size":"auto","background-attachment":"scroll","background-type":"","background-media":"","overlay-type":"","overlay-color":"","overlay-opacity":"","overlay-gradient":""}},"ast-content-background-meta":{"desktop":{"background-color":"var(--ast-global-color-5)","background-image":"","background-repeat":"repeat","background-position":"center center","background-size":"auto","background-attachment":"scroll","background-type":"","background-media":"","overlay-type":"","overlay-color":"","overlay-opacity":"","overlay-gradient":""},"tablet":{"background-color":"var(--ast-global-color-5)","background-image":"","background-repeat":"repeat","background-position":"center center","background-size":"auto","background-attachment":"scroll","background-type":"","background-media":"","overlay-type":"","overlay-color":"","overlay-opacity":"","overlay-gradient":""},"mobile":{"background-color":"var(--ast-global-color-5)","background-image":"","background-repeat":"repeat","background-position":"center center","background-size":"auto","background-attachment":"scroll","background-type":"","background-media":"","overlay-type":"","overlay-color":"","overlay-opacity":"","overlay-gradient":""}},"footnotes":""},"class_list":["post-742","page","type-page","status-publish","hentry"],"_links":{"self":[{"href":"https:\/\/www.fmcb.ch\/index.php\/wp-json\/wp\/v2\/pages\/742","targetHints":{"allow":["GET"]}}],"collection":[{"href":"https:\/\/www.fmcb.ch\/index.php\/wp-json\/wp\/v2\/pages"}],"about":[{"href":"https:\/\/www.fmcb.ch\/index.php\/wp-json\/wp\/v2\/types\/page"}],"author":[{"embeddable":true,"href":"https:\/\/www.fmcb.ch\/index.php\/wp-json\/wp\/v2\/users\/1"}],"replies":[{"embeddable":true,"href":"https:\/\/www.fmcb.ch\/index.php\/wp-json\/wp\/v2\/comments?post=742"}],"version-history":[{"count":16,"href":"https:\/\/www.fmcb.ch\/index.php\/wp-json\/wp\/v2\/pages\/742\/revisions"}],"predecessor-version":[{"id":770,"href":"https:\/\/www.fmcb.ch\/index.php\/wp-json\/wp\/v2\/pages\/742\/revisions\/770"}],"wp:attachment":[{"href":"https:\/\/www.fmcb.ch\/index.php\/wp-json\/wp\/v2\/media?parent=742"}],"curies":[{"name":"wp","href":"https:\/\/api.w.org\/{rel}","templated":true}]}}