{"id":345,"date":"2022-08-12T10:32:06","date_gmt":"2022-08-12T08:32:06","guid":{"rendered":"https:\/\/www.fmcb.ch\/?page_id=345"},"modified":"2025-04-28T18:27:13","modified_gmt":"2025-04-28T16:27:13","slug":"harmonie","status":"publish","type":"page","link":"https:\/\/www.fmcb.ch\/index.php\/harmonie\/","title":{"rendered":"Harmonie"},"content":{"rendered":"\t\t<div data-elementor-type=\"wp-page\" data-elementor-id=\"345\" class=\"elementor elementor-345\">\n\t\t\t\t\t\t<section class=\"elementor-section elementor-top-section elementor-element elementor-element-r9icdw8 elementor-section-full_width elementor-section-height-min-height elementor-section-height-default elementor-section-items-middle\" data-id=\"r9icdw8\" data-element_type=\"section\" data-e-type=\"section\" data-settings=\"{&quot;background_background&quot;:&quot;classic&quot;}\">\n\t\t\t\t\t\t\t<div class=\"elementor-background-overlay\"><\/div>\n\t\t\t\t\t\t\t<div class=\"elementor-container elementor-column-gap-default\">\n\t\t\t\t\t<div class=\"elementor-column elementor-col-100 elementor-top-column elementor-element elementor-element-c563e3d elementor-invisible\" data-id=\"c563e3d\" data-element_type=\"column\" data-e-type=\"column\" data-settings=\"{&quot;animation&quot;:&quot;fadeInLeft&quot;}\">\n\t\t\t<div class=\"elementor-widget-wrap elementor-element-populated\">\n\t\t\t\t\t\t<div class=\"elementor-element elementor-element-b853d73 elementor-widget elementor-widget-heading\" data-id=\"b853d73\" data-element_type=\"widget\" data-e-type=\"widget\" data-widget_type=\"heading.default\">\n\t\t\t\t<div class=\"elementor-widget-container\">\n\t\t\t\t\t<h1 class=\"elementor-heading-title elementor-size-default\">Harmonie<\/h1>\t\t\t\t<\/div>\n\t\t\t\t<\/div>\n\t\t\t\t\t<\/div>\n\t\t<\/div>\n\t\t\t\t\t<\/div>\n\t\t<\/section>\n\t\t\t\t<section class=\"elementor-section elementor-top-section elementor-element elementor-element-ee8ee1a elementor-section-boxed elementor-section-height-default elementor-section-height-default\" data-id=\"ee8ee1a\" data-element_type=\"section\" data-e-type=\"section\">\n\t\t\t\t\t\t<div class=\"elementor-container elementor-column-gap-default\">\n\t\t\t\t\t<div class=\"elementor-column elementor-col-100 elementor-top-column elementor-element elementor-element-3c83983\" data-id=\"3c83983\" data-element_type=\"column\" data-e-type=\"column\">\n\t\t\t<div class=\"elementor-widget-wrap elementor-element-populated\">\n\t\t\t\t\t\t<div class=\"elementor-element elementor-element-99d0be8 elementor-widget elementor-widget-image\" data-id=\"99d0be8\" data-element_type=\"widget\" data-e-type=\"widget\" data-widget_type=\"image.default\">\n\t\t\t\t<div class=\"elementor-widget-container\">\n\t\t\t\t\t\t\t\t\t\t\t\t\t\t\t<img fetchpriority=\"high\" decoding=\"async\" width=\"724\" height=\"1024\" src=\"https:\/\/www.fmcb.ch\/wp-content\/uploads\/2025\/04\/Affiche-Printemps-2025_jpg-724x1024.jpg\" class=\"attachment-large size-large wp-image-699\" alt=\"\" srcset=\"https:\/\/www.fmcb.ch\/wp-content\/uploads\/2025\/04\/Affiche-Printemps-2025_jpg-724x1024.jpg 724w, https:\/\/www.fmcb.ch\/wp-content\/uploads\/2025\/04\/Affiche-Printemps-2025_jpg-212x300.jpg 212w, https:\/\/www.fmcb.ch\/wp-content\/uploads\/2025\/04\/Affiche-Printemps-2025_jpg-768x1086.jpg 768w, https:\/\/www.fmcb.ch\/wp-content\/uploads\/2025\/04\/Affiche-Printemps-2025_jpg-1086x1536.jpg 1086w, https:\/\/www.fmcb.ch\/wp-content\/uploads\/2025\/04\/Affiche-Printemps-2025_jpg-1448x2048.jpg 1448w, https:\/\/www.fmcb.ch\/wp-content\/uploads\/2025\/04\/Affiche-Printemps-2025_jpg-scaled.jpg 1810w\" sizes=\"(max-width: 724px) 100vw, 724px\" \/>\t\t\t\t\t\t\t\t\t\t\t\t\t\t\t<\/div>\n\t\t\t\t<\/div>\n\t\t\t\t\t<\/div>\n\t\t<\/div>\n\t\t\t\t\t<\/div>\n\t\t<\/section>\n\t\t\t\t<section class=\"elementor-section elementor-top-section elementor-element elementor-element-47qdaxg elementor-section-boxed elementor-section-height-default elementor-section-height-default\" data-id=\"47qdaxg\" data-element_type=\"section\" data-e-type=\"section\">\n\t\t\t\t\t\t<div class=\"elementor-container elementor-column-gap-no\">\n\t\t\t\t\t<div class=\"elementor-column elementor-col-100 elementor-top-column elementor-element elementor-element-ef3d779\" data-id=\"ef3d779\" data-element_type=\"column\" data-e-type=\"column\" data-settings=\"{&quot;background_background&quot;:&quot;classic&quot;}\">\n\t\t\t<div class=\"elementor-widget-wrap elementor-element-populated\">\n\t\t\t\t\t\t<div class=\"elementor-element elementor-element-2ca1594 elementor-widget elementor-widget-text-editor\" data-id=\"2ca1594\" data-element_type=\"widget\" data-e-type=\"widget\" data-widget_type=\"text-editor.default\">\n\t\t\t\t<div class=\"elementor-widget-container\">\n\t\t\t\t\t\t\t\t\t<p style=\"text-align: center;\">La Fanfare municipale de Collonge-Bellerive a vu le jour en 1925. Ainsi, depuis 100 ans, elle participe \u00e0 la vie communale, l\u2019accompagnant dans ses moments de joie et de f\u00eate.<br>Orchestre d\u2019harmonie, aujourd\u2019hui constitu\u00e9e d\u2019une trentaine de membres actifs, la Fanfare municipale de Collonge-Bellerive participe \u00e0 la diffusion d\u2019une culture musicale dans toute la r\u00e9gion en d\u00e9veloppant des partenariats ponctuels avec d\u2019autres harmonies municipales et groupes musicaux.<br>L\u2019harmonie est dirig\u00e9e par Vincent Ducrot, tubiste m\u00e9daill\u00e9 du Conservatoire de Lyon, et titulaire du Dipl\u00f4me d\u2019Etat fran\u00e7ais de direction d\u2019orchestre \u00e0 vents. Les musiciens se r\u00e9unissent tous les jeudis soir \u00e0 20h pour leur r\u00e9p\u00e9tition hebdomadaire.<br>La Fanfare municipale de Collonge-Bellerive se produit lors de deux concerts annuels (Printemps et No\u00ebl) et lors des manifestations communales (Promotions, f\u00eate nationale, etc.).<\/p>\t\t\t\t\t\t\t\t<\/div>\n\t\t\t\t<\/div>\n\t\t\t\t\t<\/div>\n\t\t<\/div>\n\t\t\t\t\t<\/div>\n\t\t<\/section>\n\t\t\t\t<section class=\"elementor-section elementor-top-section elementor-element elementor-element-doxu138 elementor-section-content-middle elementor-section-boxed elementor-section-height-default elementor-section-height-default\" data-id=\"doxu138\" data-element_type=\"section\" data-e-type=\"section\">\n\t\t\t\t\t\t<div class=\"elementor-container elementor-column-gap-default\">\n\t\t\t\t\t<div class=\"elementor-column elementor-col-100 elementor-top-column elementor-element elementor-element-8ae40cd\" data-id=\"8ae40cd\" data-element_type=\"column\" data-e-type=\"column\">\n\t\t\t<div class=\"elementor-widget-wrap elementor-element-populated\">\n\t\t\t\t\t\t<div class=\"elementor-element elementor-element-d6f6d1a elementor-widget-divider--view-line elementor-widget elementor-widget-divider\" data-id=\"d6f6d1a\" data-element_type=\"widget\" data-e-type=\"widget\" data-widget_type=\"divider.default\">\n\t\t\t\t<div class=\"elementor-widget-container\">\n\t\t\t\t\t\t\t<div class=\"elementor-divider\">\n\t\t\t<span class=\"elementor-divider-separator\">\n\t\t\t\t\t\t<\/span>\n\t\t<\/div>\n\t\t\t\t\t\t<\/div>\n\t\t\t\t<\/div>\n\t\t\t\t<div class=\"elementor-element elementor-element-64f7f5c elementor-widget elementor-widget-heading\" data-id=\"64f7f5c\" data-element_type=\"widget\" data-e-type=\"widget\" data-widget_type=\"heading.default\">\n\t\t\t\t<div class=\"elementor-widget-container\">\n\t\t\t\t\t<h2 class=\"elementor-heading-title elementor-size-default\">Nous recrutons des musiciens<\/h2>\t\t\t\t<\/div>\n\t\t\t\t<\/div>\n\t\t\t\t<div class=\"elementor-element elementor-element-658c9e1 elementor-widget elementor-widget-text-editor\" data-id=\"658c9e1\" data-element_type=\"widget\" data-e-type=\"widget\" data-widget_type=\"text-editor.default\">\n\t\t\t\t<div class=\"elementor-widget-container\">\n\t\t\t\t\t\t\t\t\t<div style=\"text-align: center; margin:10px 0px 50px 0px\">Si vous jouez d\u2019un instrument pouvant int\u00e9grer un orchestre d\u2019harmonie vous \u00eates la\/le bienvenue.<br>\nR\u00e9p\u00e9tition le jeudi soir de 20h \u00e0 21h30 dans nos locaux.<br>\nN\u2019h\u00e9sitez pas \u00e0 nous \u00e9crire pour plus d\u2019infos\u00a0: vincent.ducrot@fmcb.ch\n<\/div>\t\t\t\t\t\t\t\t<\/div>\n\t\t\t\t<\/div>\n\t\t\t\t<div class=\"elementor-element elementor-element-1cb8242 elementor-align-center elementor-widget elementor-widget-button\" data-id=\"1cb8242\" data-element_type=\"widget\" data-e-type=\"widget\" data-widget_type=\"button.default\">\n\t\t\t\t<div class=\"elementor-widget-container\">\n\t\t\t\t\t\t\t\t\t<div class=\"elementor-button-wrapper\">\n\t\t\t\t\t<a class=\"elementor-button elementor-button-link elementor-size-sm elementor-animation-grow\" href=\"https:\/\/www.fmcb.ch\/index.php\/contact\/\">\n\t\t\t\t\t\t<span class=\"elementor-button-content-wrapper\">\n\t\t\t\t\t\t\t\t\t<span class=\"elementor-button-text\">Contactez-nous<\/span>\n\t\t\t\t\t<\/span>\n\t\t\t\t\t<\/a>\n\t\t\t\t<\/div>\n\t\t\t\t\t\t\t\t<\/div>\n\t\t\t\t<\/div>\n\t\t\t\t\t<\/div>\n\t\t<\/div>\n\t\t\t\t\t<\/div>\n\t\t<\/section>\n\t\t\t\t<\/div>\n\t\t","protected":false},"excerpt":{"rendered":"<p>Harmonie La Fanfare municipale de Collonge-Bellerive a vu le jour en 1925. Ainsi, depuis 100 ans, elle participe \u00e0 la vie communale, l\u2019accompagnant dans ses moments de joie et de f\u00eate.Orchestre d\u2019harmonie, aujourd\u2019hui constitu\u00e9e d\u2019une trentaine de membres actifs, la Fanfare municipale de Collonge-Bellerive participe \u00e0 la diffusion d\u2019une culture musicale dans toute la r\u00e9gion [&hellip;]<\/p>\n","protected":false},"author":4,"featured_media":0,"parent":0,"menu_order":0,"comment_status":"closed","ping_status":"closed","template":"","meta":{"site-sidebar-layout":"no-sidebar","site-content-layout":"page-builder","ast-site-content-layout":"default","site-content-style":"default","site-sidebar-style":"default","ast-global-header-display":"","ast-banner-title-visibility":"","ast-main-header-display":"","ast-hfb-above-header-display":"","ast-hfb-below-header-display":"","ast-hfb-mobile-header-display":"","site-post-title":"disabled","ast-breadcrumbs-content":"","ast-featured-img":"disabled","footer-sml-layout":"","ast-disable-related-posts":"","theme-transparent-header-meta":"","adv-header-id-meta":"","stick-header-meta":"","header-above-stick-meta":"","header-main-stick-meta":"","header-below-stick-meta":"","astra-migrate-meta-layouts":"default","ast-page-background-enabled":"default","ast-page-background-meta":{"desktop":{"background-color":"var(--ast-global-color-4)","background-image":"","background-repeat":"repeat","background-position":"center center","background-size":"auto","background-attachment":"scroll","background-type":"","background-media":"","overlay-type":"","overlay-color":"","overlay-opacity":"","overlay-gradient":""},"tablet":{"background-color":"","background-image":"","background-repeat":"repeat","background-position":"center center","background-size":"auto","background-attachment":"scroll","background-type":"","background-media":"","overlay-type":"","overlay-color":"","overlay-opacity":"","overlay-gradient":""},"mobile":{"background-color":"","background-image":"","background-repeat":"repeat","background-position":"center center","background-size":"auto","background-attachment":"scroll","background-type":"","background-media":"","overlay-type":"","overlay-color":"","overlay-opacity":"","overlay-gradient":""}},"ast-content-background-meta":{"desktop":{"background-color":"var(--ast-global-color-5)","background-image":"","background-repeat":"repeat","background-position":"center center","background-size":"auto","background-attachment":"scroll","background-type":"","background-media":"","overlay-type":"","overlay-color":"","overlay-opacity":"","overlay-gradient":""},"tablet":{"background-color":"var(--ast-global-color-5)","background-image":"","background-repeat":"repeat","background-position":"center center","background-size":"auto","background-attachment":"scroll","background-type":"","background-media":"","overlay-type":"","overlay-color":"","overlay-opacity":"","overlay-gradient":""},"mobile":{"background-color":"var(--ast-global-color-5)","background-image":"","background-repeat":"repeat","background-position":"center center","background-size":"auto","background-attachment":"scroll","background-type":"","background-media":"","overlay-type":"","overlay-color":"","overlay-opacity":"","overlay-gradient":""}},"footnotes":""},"class_list":["post-345","page","type-page","status-publish","hentry"],"_links":{"self":[{"href":"https:\/\/www.fmcb.ch\/index.php\/wp-json\/wp\/v2\/pages\/345","targetHints":{"allow":["GET"]}}],"collection":[{"href":"https:\/\/www.fmcb.ch\/index.php\/wp-json\/wp\/v2\/pages"}],"about":[{"href":"https:\/\/www.fmcb.ch\/index.php\/wp-json\/wp\/v2\/types\/page"}],"author":[{"embeddable":true,"href":"https:\/\/www.fmcb.ch\/index.php\/wp-json\/wp\/v2\/users\/4"}],"replies":[{"embeddable":true,"href":"https:\/\/www.fmcb.ch\/index.php\/wp-json\/wp\/v2\/comments?post=345"}],"version-history":[{"count":64,"href":"https:\/\/www.fmcb.ch\/index.php\/wp-json\/wp\/v2\/pages\/345\/revisions"}],"predecessor-version":[{"id":722,"href":"https:\/\/www.fmcb.ch\/index.php\/wp-json\/wp\/v2\/pages\/345\/revisions\/722"}],"wp:attachment":[{"href":"https:\/\/www.fmcb.ch\/index.php\/wp-json\/wp\/v2\/media?parent=345"}],"curies":[{"name":"wp","href":"https:\/\/api.w.org\/{rel}","templated":true}]}}